{"id":4,"date":"2010-01-17T17:24:43","date_gmt":"2010-01-17T17:24:43","guid":{"rendered":"http:\/\/wilders.me.uk\/noevolution\/?page_id=4"},"modified":"2020-01-25T12:50:05","modified_gmt":"2020-01-25T11:50:05","slug":"francais","status":"publish","type":"page","link":"https:\/\/noevolution.org\/?page_id=4","title":{"rendered":"Fran\u00e7ais"},"content":{"rendered":"<p>La Th\u00e9orie de l&#8217;<strong>Evolution<\/strong> est-ce une <strong>science<\/strong> <strong>ou<\/strong> une <strong>croyance<\/strong>? Voil\u00e0 la question \u00e0 laquelle cinq sp\u00e9cialistes<br \/>\ninternationaux ont d\u00fb r\u00e9pondre. D\u00e9couvrez la Th\u00e9orie de l&#8217;<strong>Evolution<\/strong> \u00e0 travers ce documentaire vendu de part le monde et aujourd&#8217;hui disponible sur Internet.<\/p>\n<p><em>Pour voir la vid\u00e9o cliquez ci-dessous<\/em><\/p>\n<p><iframe loading=\"lazy\" title=\"Evolution : Science ou Croyance\" width=\"640\" height=\"480\" src=\"https:\/\/www.youtube.com\/embed\/GyuK3MupskM?feature=oembed\" frameborder=\"0\" allow=\"accelerometer; autoplay; clipboard-write; encrypted-media; gyroscope; picture-in-picture; web-share\" referrerpolicy=\"strict-origin-when-cross-origin\" allowfullscreen><\/iframe><\/p>\n","protected":false},"excerpt":{"rendered":"<p>La Th\u00e9orie de l&#8217;Evolution est-ce une science ou une croyance? Voil\u00e0 la question \u00e0 laquelle cinq sp\u00e9cialistes internationaux ont d\u00fb r\u00e9pondre. D\u00e9couvrez la Th\u00e9orie de l&#8217;Evolution \u00e0 travers ce documentaire vendu de part le monde et aujourd&#8217;hui disponible sur Internet. Pour voir la vid\u00e9o cliquez ci-dessous<\/p>\n","protected":false},"author":1,"featured_media":0,"parent":0,"menu_order":20,"comment_status":"open","ping_status":"open","template":"","meta":{"footnotes":""},"class_list":["post-4","page","type-page","status-publish","hentry"],"_links":{"self":[{"href":"https:\/\/noevolution.org\/index.php?rest_route=\/wp\/v2\/pages\/4","targetHints":{"allow":["GET"]}}],"collection":[{"href":"https:\/\/noevolution.org\/index.php?rest_route=\/wp\/v2\/pages"}],"about":[{"href":"https:\/\/noevolution.org\/index.php?rest_route=\/wp\/v2\/types\/page"}],"author":[{"embeddable":true,"href":"https:\/\/noevolution.org\/index.php?rest_route=\/wp\/v2\/users\/1"}],"replies":[{"embeddable":true,"href":"https:\/\/noevolution.org\/index.php?rest_route=%2Fwp%2Fv2%2Fcomments&post=4"}],"version-history":[{"count":9,"href":"https:\/\/noevolution.org\/index.php?rest_route=\/wp\/v2\/pages\/4\/revisions"}],"predecessor-version":[{"id":99,"href":"https:\/\/noevolution.org\/index.php?rest_route=\/wp\/v2\/pages\/4\/revisions\/99"}],"wp:attachment":[{"href":"https:\/\/noevolution.org\/index.php?rest_route=%2Fwp%2Fv2%2Fmedia&parent=4"}],"curies":[{"name":"wp","href":"https:\/\/api.w.org\/{rel}","templated":true}]}}