{"id":5,"date":"2010-01-17T17:24:51","date_gmt":"2010-01-17T17:24:51","guid":{"rendered":"http:\/\/wilders.me.uk\/noevolution\/?page_id=5"},"modified":"2020-01-25T12:50:25","modified_gmt":"2020-01-25T11:50:25","slug":"espanol","status":"publish","type":"page","link":"https:\/\/noevolution.org\/?page_id=5","title":{"rendered":"Espa\u00f1ol"},"content":{"rendered":"<p><strong>\u00bfEs la teor\u00eda de la evoluci\u00f3n un hecho cient\u00edfico o una simple creencia?<\/strong> Esta es la \u00fanica pregunta que este documentario trata de Contestar. Cinco cient\u00edficos de reputaci\u00f3n internacional dan sus respuestas sobre la evoluci\u00f3n. Un v\u00eddeo que se ha vendido en todo el mundo, y ganador de premios internacionales de documentarios, que ahora est\u00e1 disponible para que todos las vean.<\/p>\n<p><em>Haga clic a continuaci\u00f3n para el v\u00eddeo<\/em><\/p>\n<p><iframe loading=\"lazy\" title=\"La Teor\u00eda del Evoluci\u00f3n: Cienca o Creencia ?\" width=\"640\" height=\"480\" src=\"https:\/\/www.youtube.com\/embed\/bG9fScTpBLc?feature=oembed\" frameborder=\"0\" allow=\"accelerometer; autoplay; clipboard-write; encrypted-media; gyroscope; picture-in-picture; web-share\" referrerpolicy=\"strict-origin-when-cross-origin\" allowfullscreen><\/iframe><\/p>\n","protected":false},"excerpt":{"rendered":"<p>\u00bfEs la teor\u00eda de la evoluci\u00f3n un hecho cient\u00edfico o una simple creencia? Esta es la \u00fanica pregunta que este documentario trata de Contestar. Cinco cient\u00edficos de reputaci\u00f3n internacional dan sus respuestas sobre la evoluci\u00f3n. Un v\u00eddeo que se ha vendido en todo el mundo, y ganador de premios internacionales de documentarios, que ahora est\u00e1 [&hellip;]<\/p>\n","protected":false},"author":1,"featured_media":0,"parent":0,"menu_order":30,"comment_status":"open","ping_status":"open","template":"","meta":{"footnotes":""},"class_list":["post-5","page","type-page","status-publish","hentry"],"_links":{"self":[{"href":"https:\/\/noevolution.org\/index.php?rest_route=\/wp\/v2\/pages\/5","targetHints":{"allow":["GET"]}}],"collection":[{"href":"https:\/\/noevolution.org\/index.php?rest_route=\/wp\/v2\/pages"}],"about":[{"href":"https:\/\/noevolution.org\/index.php?rest_route=\/wp\/v2\/types\/page"}],"author":[{"embeddable":true,"href":"https:\/\/noevolution.org\/index.php?rest_route=\/wp\/v2\/users\/1"}],"replies":[{"embeddable":true,"href":"https:\/\/noevolution.org\/index.php?rest_route=%2Fwp%2Fv2%2Fcomments&post=5"}],"version-history":[{"count":9,"href":"https:\/\/noevolution.org\/index.php?rest_route=\/wp\/v2\/pages\/5\/revisions"}],"predecessor-version":[{"id":100,"href":"https:\/\/noevolution.org\/index.php?rest_route=\/wp\/v2\/pages\/5\/revisions\/100"}],"wp:attachment":[{"href":"https:\/\/noevolution.org\/index.php?rest_route=%2Fwp%2Fv2%2Fmedia&parent=5"}],"curies":[{"name":"wp","href":"https:\/\/api.w.org\/{rel}","templated":true}]}}