{"id":7,"date":"2010-01-17T17:25:09","date_gmt":"2010-01-17T17:25:09","guid":{"rendered":"http:\/\/wilders.me.uk\/noevolution\/?page_id=7"},"modified":"2020-01-25T12:51:01","modified_gmt":"2020-01-25T11:51:01","slug":"polski","status":"publish","type":"page","link":"https:\/\/noevolution.org\/?page_id=7","title":{"rendered":"Polski"},"content":{"rendered":"<div id=\"g_description\">\n<p>Ewolucja, rzeczywisto\u015b\u0107 czy domniemanie?<\/p>\n<\/div>\n<p><!-- \/wrapper --><!-- \/header -->Czy teoria ewolucji jest naukowym faktem czy tylko domniemaniem? Oto jedyny pytanie, na kt\u00f3re ten film dokumentalny pr\u00f3buje odpowiedzie\u0107. Pi\u0119ciu \u015bwiatowej s\u0142awy naukowc\u00f3w wypowiada si\u0119 na temat ewolucji. Ten prze\u0142omowy film dokumentalny, by\u0142 sprzedawany na ca\u0142ym \u015bwiecie, uzyska\u0142 mi\u0119dzynarodow\u0105 nagrod\u0119, jest teraz dost\u0119pny w internecie by wszyscy go mogli zobaczy\u0107.<\/p>\n<p><em>Klika\u0107 poni\u017cej pod lewym rogiem<\/em><\/p>\n<p><iframe loading=\"lazy\" title=\"Ewolucja, rzeczywisto\u015b\u0107 czy domniemanie?\" width=\"640\" height=\"480\" src=\"https:\/\/www.youtube.com\/embed\/2jP4ne-lPws?feature=oembed\" frameborder=\"0\" allow=\"accelerometer; autoplay; clipboard-write; encrypted-media; gyroscope; picture-in-picture; web-share\" referrerpolicy=\"strict-origin-when-cross-origin\" allowfullscreen><\/iframe><\/p>\n<p><iframe loading=\"lazy\" src=\"http:\/\/www.youtube.com\/embed\/2jP4ne-lPws\" width=\"700\" height=\"640\" frameborder=\"0\" allowfullscreen=\"allowfullscreen\"><\/iframe><\/p>\n","protected":false},"excerpt":{"rendered":"<p>Ewolucja, rzeczywisto\u015b\u0107 czy domniemanie? Czy teoria ewolucji jest naukowym faktem czy tylko domniemaniem? Oto jedyny pytanie, na kt\u00f3re ten film dokumentalny pr\u00f3buje odpowiedzie\u0107. Pi\u0119ciu \u015bwiatowej s\u0142awy naukowc\u00f3w wypowiada si\u0119 na temat ewolucji. Ten prze\u0142omowy film dokumentalny, by\u0142 sprzedawany na ca\u0142ym \u015bwiecie, uzyska\u0142 mi\u0119dzynarodow\u0105 nagrod\u0119, jest teraz dost\u0119pny w internecie by wszyscy go mogli zobaczy\u0107. Klika\u0107 [&hellip;]<\/p>\n","protected":false},"author":1,"featured_media":0,"parent":0,"menu_order":50,"comment_status":"open","ping_status":"open","template":"","meta":{"footnotes":""},"class_list":["post-7","page","type-page","status-publish","hentry"],"_links":{"self":[{"href":"https:\/\/noevolution.org\/index.php?rest_route=\/wp\/v2\/pages\/7","targetHints":{"allow":["GET"]}}],"collection":[{"href":"https:\/\/noevolution.org\/index.php?rest_route=\/wp\/v2\/pages"}],"about":[{"href":"https:\/\/noevolution.org\/index.php?rest_route=\/wp\/v2\/types\/page"}],"author":[{"embeddable":true,"href":"https:\/\/noevolution.org\/index.php?rest_route=\/wp\/v2\/users\/1"}],"replies":[{"embeddable":true,"href":"https:\/\/noevolution.org\/index.php?rest_route=%2Fwp%2Fv2%2Fcomments&post=7"}],"version-history":[{"count":9,"href":"https:\/\/noevolution.org\/index.php?rest_route=\/wp\/v2\/pages\/7\/revisions"}],"predecessor-version":[{"id":102,"href":"https:\/\/noevolution.org\/index.php?rest_route=\/wp\/v2\/pages\/7\/revisions\/102"}],"wp:attachment":[{"href":"https:\/\/noevolution.org\/index.php?rest_route=%2Fwp%2Fv2%2Fmedia&parent=7"}],"curies":[{"name":"wp","href":"https:\/\/api.w.org\/{rel}","templated":true}]}}